{"id":1174,"date":"2023-10-18T04:49:44","date_gmt":"2023-10-18T04:49:44","guid":{"rendered":"https:\/\/mrkdr.tv\/contactenos\/"},"modified":"2026-03-27T21:04:11","modified_gmt":"2026-03-27T21:04:11","slug":"contactenos","status":"publish","type":"page","link":"https:\/\/mrkdr.tv\/es\/contactenos\/","title":{"rendered":"Cont\u00e1ctenos"},"content":{"rendered":"<p>[et_pb_section fb_built=\u00bb1&#8243; module_class=\u00bbflex a-center\u00bb _builder_version=\u00bb4.22.2&#8243; _module_preset=\u00bbdefault\u00bb background_image=\u00bbhttps:\/\/mrkdr.tv\/wp-content\/uploads\/2023\/10\/contact-bg.jpg\u00bb height=\u00bb530px\u00bb height_tablet=\u00bb530px\u00bb height_phone=\u00bb350px\u00bb height_last_edited=\u00bbon|phone\u00bb custom_padding=\u00bb|20px||20px|false|true\u00bb da_disable_devices=\u00bboff|off|off\u00bb global_colors_info=\u00bb{}\u00bb da_is_popup=\u00bboff\u00bb da_exit_intent=\u00bboff\u00bb da_has_close=\u00bbon\u00bb da_alt_close=\u00bboff\u00bb da_dark_close=\u00bboff\u00bb da_not_modal=\u00bbon\u00bb da_is_singular=\u00bboff\u00bb da_with_loader=\u00bboff\u00bb da_has_shadow=\u00bbon\u00bb][et_pb_row _builder_version=\u00bb4.22.2&#8243; _module_preset=\u00bbdefault\u00bb custom_padding=\u00bb0px||0px||true|false\u00bb locked=\u00bboff\u00bb global_colors_info=\u00bb{}\u00bb][et_pb_column type=\u00bb4_4&#8243; _builder_version=\u00bb4.22.2&#8243; _module_preset=\u00bbdefault\u00bb global_colors_info=\u00bb{}\u00bb][et_pb_text _builder_version=\u00bb4.22.2&#8243; _module_preset=\u00bbdefault\u00bb text_font=\u00bbPoppins|600|||||||\u00bb text_font_size=\u00bb45px\u00bb header_font=\u00bb|600||on|||||\u00bb header_text_align=\u00bbcenter\u00bb header_text_color=\u00bb#FFFFFF\u00bb header_font_size=\u00bb45px\u00bb header_line_height=\u00bb1.2em\u00bb positioning=\u00bbrelative\u00bb z_index=\u00bb1&#8243; custom_margin=\u00bb||0px||false|false\u00bb header_font_size_tablet=\u00bb45px\u00bb header_font_size_phone=\u00bb30px\u00bb header_font_size_last_edited=\u00bbon|phone\u00bb global_colors_info=\u00bb{}\u00bb]<\/p>\n<h1>Cont\u00e1ctenos<\/h1>\n<p>[\/et_pb_text][et_pb_divider color=\u00bbgcid-41df941e-b4d7-4e35-8a5d-27487bd119d4&#8243; divider_weight=\u00bb35px\u00bb _builder_version=\u00bb4.22.2&#8243; _module_preset=\u00bbdefault\u00bb z_index=\u00bb-1&#8243; width=\u00bb400px\u00bb width_tablet=\u00bb400px\u00bb width_phone=\u00bb100%\u00bb width_last_edited=\u00bbon|phone\u00bb module_alignment=\u00bbcenter\u00bb custom_margin=\u00bb-20px||0px||false|false\u00bb global_colors_info=\u00bb{%22gcid-41df941e-b4d7-4e35-8a5d-27487bd119d4%22:%91%22color%22%93}\u00bb][\/et_pb_divider][\/et_pb_column][\/et_pb_row][\/et_pb_section][et_pb_section fb_built=\u00bb1&#8243; _builder_version=\u00bb4.22.2&#8243; _module_preset=\u00bbdefault\u00bb background_color=\u00bbgcid-20c09eb8-ec90-402b-91fb-918914d5e1fd\u00bb custom_padding=\u00bb75px|20px|75px|20px|true|true\u00bb da_disable_devices=\u00bboff|off|off\u00bb global_colors_info=\u00bb{%22gcid-20c09eb8-ec90-402b-91fb-918914d5e1fd%22:%91%22background_color%22%93}\u00bb da_is_popup=\u00bboff\u00bb da_exit_intent=\u00bboff\u00bb da_has_close=\u00bbon\u00bb da_alt_close=\u00bboff\u00bb da_dark_close=\u00bboff\u00bb da_not_modal=\u00bbon\u00bb da_is_singular=\u00bboff\u00bb da_with_loader=\u00bboff\u00bb da_has_shadow=\u00bbon\u00bb][et_pb_row _builder_version=\u00bb4.22.2&#8243; _module_preset=\u00bbdefault\u00bb width=\u00bb100%\u00bb custom_padding=\u00bb0px||0px||true|false\u00bb global_colors_info=\u00bb{}\u00bb][et_pb_column type=\u00bb4_4&#8243; _builder_version=\u00bb4.22.2&#8243; _module_preset=\u00bbdefault\u00bb global_colors_info=\u00bb{}\u00bb][et_pb_text _builder_version=\u00bb4.22.2&#8243; _module_preset=\u00bbdefault\u00bb text_font=\u00bb|600||on|||||\u00bb text_text_color=\u00bbgcid-41df941e-b4d7-4e35-8a5d-27487bd119d4&#8243; text_font_size=\u00bb20px\u00bb header_2_font=\u00bb|600|on||||||\u00bb header_2_font_size=\u00bb35px\u00bb text_orientation=\u00bbcenter\u00bb custom_margin=\u00bb||25px||false|false\u00bb global_colors_info=\u00bb{%22gcid-41df941e-b4d7-4e35-8a5d-27487bd119d4%22:%91%22text_text_color%22%93}\u00bb]<\/p>\n<h2>MRKDR<\/h2>\n<p>Productions Inc.<\/p>\n<p>[\/et_pb_text][et_pb_text module_class=\u00bbtext-underline\u00bb _builder_version=\u00bb4.22.2&#8243; _module_preset=\u00bbdefault\u00bb text_line_height=\u00bb1.9em\u00bb link_text_align=\u00bbcenter\u00bb link_text_color=\u00bbgcid-420c7164-c2b7-4662-a4ef-c22c3c65e1f4&#8243; text_orientation=\u00bbcenter\u00bb custom_margin=\u00bb||5px||false|false\u00bb locked=\u00bboff\u00bb global_colors_info=\u00bb{%22gcid-420c7164-c2b7-4662-a4ef-c22c3c65e1f4%22:%91%22link_text_color%22%93}\u00bb]Con sedes en Miami, hemos producido y entregado videos para las marcas m\u00e1s reconocidas del mundo.<br \/>\n<a href=\"tel:4242019433\">(424) 201-9433<\/a><br \/>\n<a href=\"mailto:info@mrkdr.tv\">info@mrkdr.tv<\/a>[\/et_pb_text][et_pb_social_media_follow icon_color=\u00bbgcid-41df941e-b4d7-4e35-8a5d-27487bd119d4&#8243; use_icon_font_size=\u00bbon\u00bb icon_font_size=\u00bb25px\u00bb _builder_version=\u00bb4.22.2&#8243; _module_preset=\u00bbdefault\u00bb text_orientation=\u00bbcenter\u00bb custom_margin=\u00bb|0px||0px|false|true\u00bb custom_padding=\u00bb0px|0px|0px|0px|true|true\u00bb global_colors_info=\u00bb{%22gcid-41df941e-b4d7-4e35-8a5d-27487bd119d4%22:%91%22icon_color%22%93}\u00bb theme_builder_area=\u00bbet_footer_layout\u00bb][et_pb_social_media_follow_network social_network=\u00bbvimeo\u00bb url=\u00bbhttps:\/\/vimeo.com\/mrkdr\u00bb _builder_version=\u00bb4.22.2&#8243; _module_preset=\u00bbdefault\u00bb background_enable_color=\u00bboff\u00bb global_colors_info=\u00bb{}\u00bb theme_builder_area=\u00bbet_footer_layout\u00bb follow_button=\u00bboff\u00bb url_new_window=\u00bbon\u00bb]vimeo[\/et_pb_social_media_follow_network][et_pb_social_media_follow_network social_network=\u00bblinkedin\u00bb url=\u00bbhttps:\/\/www.linkedin.com\/in\/sebastianmercader\u00bb _builder_version=\u00bb4.22.2&#8243; _module_preset=\u00bbdefault\u00bb global_colors_info=\u00bb{}\u00bb theme_builder_area=\u00bbet_footer_layout\u00bb follow_button=\u00bboff\u00bb url_new_window=\u00bbon\u00bb]linkedin[\/et_pb_social_media_follow_network][\/et_pb_social_media_follow][et_pb_code _builder_version=\u00bb4.23&#8243; _module_preset=\u00bbdefault\u00bb background_color=\u00bb#ecdfe3&#8243; width=\u00bb1000px\u00bb width_tablet=\u00bb100%\u00bb width_phone=\u00bb100%\u00bb width_last_edited=\u00bbon|tablet\u00bb module_alignment=\u00bbcenter\u00bb custom_margin=\u00bb50px||||false|false\u00bb custom_padding=\u00bb50px|80px|50px|80px|true|true\u00bb custom_padding_tablet=\u00bb50px|80px|50px|80px|true|true\u00bb custom_padding_phone=\u00bb|20px||20px|true|true\u00bb custom_padding_last_edited=\u00bbon|phone\u00bb global_colors_info=\u00bb{}\u00bb]<div class='fluentform ff-default fluentform_wrapper_1 ffs_default_wrap'><form data-form_id=\"1\" id=\"fluentform_1\" class=\"frm-fluent-form fluent_form_1 ff-el-form-top ff_form_instance_1_1 ff-form-loading ffs_default\" data-form_instance=\"ff_form_instance_1_1\" method=\"POST\" ><fieldset  style=\"border: none!important;margin: 0!important;padding: 0!important;background-color: transparent!important;box-shadow: none!important;outline: none!important; min-inline-size: 100%;\">\n                    <legend class=\"ff_screen_reader_title\" style=\"display: block; margin: 0!important;padding: 0!important;height: 0!important;text-indent: -999999px;width: 0!important;overflow:hidden;\">Contact<\/legend><input type='hidden' name='__fluent_form_embded_post_id' value='1174' \/><input type=\"hidden\" id=\"_fluentform_1_fluentformnonce\" name=\"_fluentform_1_fluentformnonce\" value=\"10cf3121e7\" \/><input type=\"hidden\" name=\"_wp_http_referer\" value=\"\/es\/wp-json\/wp\/v2\/pages\/1174\" \/><div data-type=\"name-element\" data-name=\"names\" class=\" ff-field_container ff-name-field-wrapper\" ><div class='ff-t-container'><div class='ff-t-cell '><div class='ff-el-group  ff-el-form-hide_label'><div class=\"ff-el-input--label asterisk-right\"><label for='ff_1_names_first_name_' id='label_ff_1_names_first_name_' >First Name<\/label><\/div><div class='ff-el-input--content'><input type=\"text\" name=\"names[first_name]\" id=\"ff_1_names_first_name_\" class=\"ff-el-form-control\" placeholder=\"First Name\" aria-invalid=\"false\" aria-required=false><\/div><\/div><\/div><div class='ff-t-cell '><div class='ff-el-group  ff-el-form-hide_label'><div class=\"ff-el-input--label asterisk-right\"><label for='ff_1_names_last_name_' id='label_ff_1_names_last_name_' >Last Name<\/label><\/div><div class='ff-el-input--content'><input type=\"text\" name=\"names[last_name]\" id=\"ff_1_names_last_name_\" class=\"ff-el-form-control\" placeholder=\"Last Name\" aria-invalid=\"false\" aria-required=false><\/div><\/div><\/div><\/div><\/div><div class='ff-el-group ff-el-form-hide_label'><div class=\"ff-el-input--label ff-el-is-required asterisk-right\"><label for='ff_1_email' id='label_ff_1_email' aria-label=\"Email\">Email<\/label><\/div><div class='ff-el-input--content'><input type=\"email\" name=\"email\" id=\"ff_1_email\" class=\"ff-el-form-control\" placeholder=\"Email Address\" data-name=\"email\"  aria-invalid=\"false\" aria-required=true><\/div><\/div><div class='ff-el-group ff-el-form-hide_label'><div class=\"ff-el-input--label asterisk-right\"><label for='ff_1_input_text' id='label_ff_1_input_text' aria-label=\"Company\">Company<\/label><\/div><div class='ff-el-input--content'><input type=\"text\" name=\"input_text\" class=\"ff-el-form-control\" placeholder=\"Company\" data-name=\"input_text\" id=\"ff_1_input_text\"  aria-invalid=\"false\" aria-required=false><\/div><\/div><div class='ff-el-group ff-el-form-hide_label'><div class=\"ff-el-input--label ff-el-is-required asterisk-right\"><label for='ff_1_message' id='label_ff_1_message' aria-label=\"Message\">Message<\/label><\/div><div class='ff-el-input--content'><textarea aria-required=\"true\" aria-labelledby=\"label_ff_1_message\" name=\"message\" id=\"ff_1_message\" class=\"ff-el-form-control\" placeholder=\"How can we help you?\" rows=\"4\" cols=\"2\" data-name=\"message\" ><\/textarea><\/div><\/div><div class='ff-el-group ff-text-left ff_submit_btn_wrapper'><button type=\"submit\" class=\"ff-btn ff-btn-submit ff-btn-md ff_btn_style\"  aria-label=\"Submit\">Submit<\/button><\/div><\/fieldset><\/form><div id='fluentform_1_errors' class='ff-errors-in-stack ff_form_instance_1_1 ff-form-loading_errors ff_form_instance_1_1_errors'><\/div><\/div>            <script type=\"text\/javascript\">\n                window.fluent_form_ff_form_instance_1_1 = {\"id\":\"1\",\"settings\":{\"layout\":{\"labelPlacement\":\"top\",\"helpMessagePlacement\":\"with_label\",\"errorMessagePlacement\":\"inline\",\"cssClassName\":\"\",\"asteriskPlacement\":\"asterisk-right\"},\"restrictions\":{\"denyEmptySubmission\":{\"enabled\":false}}},\"form_instance\":\"ff_form_instance_1_1\",\"form_id_selector\":\"fluentform_1\",\"rules\":{\"names[first_name]\":{\"required\":{\"value\":false,\"message\":\"This field is required\"}},\"names[middle_name]\":{\"required\":{\"value\":false,\"message\":\"This field is required\"}},\"names[last_name]\":{\"required\":{\"value\":false,\"message\":\"This field is required\"}},\"email\":{\"required\":{\"value\":true,\"message\":\"This field is required\"},\"email\":{\"value\":true,\"message\":\"This field must contain a valid email\"}},\"input_text\":{\"required\":{\"value\":false,\"message\":\"This field is required\"}},\"message\":{\"required\":{\"value\":true,\"message\":\"This field is required\"}}},\"debounce_time\":300};\n                            <\/script>\n            [\/et_pb_code][\/et_pb_column][\/et_pb_row][\/et_pb_section]<\/p>\n","protected":false},"excerpt":{"rendered":"<p>Cont\u00e1ctenosMRKDR Productions Inc.Con sedes en Miami, hemos producido y entregado videos para las marcas m\u00e1s reconocidas del mundo. (424) 201-9433 info@mrkdr.tv<div class='fluentform ff-default fluentform_wrapper_1 ffs_default_wrap'><form data-form_id=\"1\" id=\"fluentform_1\" class=\"frm-fluent-form fluent_form_1 ff-el-form-top ff_form_instance_1_2 ff-form-loading ffs_default\" data-form_instance=\"ff_form_instance_1_2\" method=\"POST\" ><fieldset  style=\"border: none!important;margin: 0!important;padding: 0!important;background-color: transparent!important;box-shadow: none!important;outline: none!important; min-inline-size: 100%;\">\n                    <legend class=\"ff_screen_reader_title\" style=\"display: block; margin: 0!important;padding: 0!important;height: 0!important;text-indent: -999999px;width: 0!important;overflow:hidden;\">Contact<\/legend><input type='hidden' name='__fluent_form_embded_post_id' value='1174' \/><input type=\"hidden\" id=\"_fluentform_1_fluentformnonce\" name=\"_fluentform_1_fluentformnonce\" value=\"10cf3121e7\" \/><input type=\"hidden\" name=\"_wp_http_referer\" value=\"\/es\/wp-json\/wp\/v2\/pages\/1174\" \/><div data-type=\"name-element\" data-name=\"names\" class=\" ff-field_container ff-name-field-wrapper\" ><div class='ff-t-container'><div class='ff-t-cell '><div class='ff-el-group  ff-el-form-hide_label'><div class=\"ff-el-input--label asterisk-right\"><label for='ff_1_2_names_first_name_' id='label_ff_1_2_names_first_name_' >First Name<\/label><\/div><div class='ff-el-input--content'><input type=\"text\" name=\"names[first_name]\" id=\"ff_1_2_names_first_name_\" class=\"ff-el-form-control\" placeholder=\"First Name\" aria-invalid=\"false\" aria-required=false><\/div><\/div><\/div><div class='ff-t-cell '><div class='ff-el-group  ff-el-form-hide_label'><div class=\"ff-el-input--label asterisk-right\"><label for='ff_1_2_names_last_name_' id='label_ff_1_2_names_last_name_' >Last Name<\/label><\/div><div class='ff-el-input--content'><input type=\"text\" name=\"names[last_name]\" id=\"ff_1_2_names_last_name_\" class=\"ff-el-form-control\" placeholder=\"Last Name\" aria-invalid=\"false\" aria-required=false><\/div><\/div><\/div><\/div><\/div><div class='ff-el-group ff-el-form-hide_label'><div class=\"ff-el-input--label ff-el-is-required asterisk-right\"><label for='ff_1_2_email' id='label_ff_1_2_email' aria-label=\"Email\">Email<\/label><\/div><div class='ff-el-input--content'><input type=\"email\" name=\"email\" id=\"ff_1_2_email\" class=\"ff-el-form-control\" placeholder=\"Email Address\" data-name=\"email\"  aria-invalid=\"false\" aria-required=true><\/div><\/div><div class='ff-el-group ff-el-form-hide_label'><div class=\"ff-el-input--label asterisk-right\"><label for='ff_1_2_input_text' id='label_ff_1_2_input_text' aria-label=\"Company\">Company<\/label><\/div><div class='ff-el-input--content'><input type=\"text\" name=\"input_text\" class=\"ff-el-form-control\" placeholder=\"Company\" data-name=\"input_text\" id=\"ff_1_2_input_text\"  aria-invalid=\"false\" aria-required=false><\/div><\/div><div class='ff-el-group ff-el-form-hide_label'><div class=\"ff-el-input--label ff-el-is-required asterisk-right\"><label for='ff_1_2_message' id='label_ff_1_2_message' aria-label=\"Message\">Message<\/label><\/div><div class='ff-el-input--content'><textarea aria-required=\"true\" aria-labelledby=\"label_ff_1_2_message\" name=\"message\" id=\"ff_1_2_message\" class=\"ff-el-form-control\" placeholder=\"How can we help you?\" rows=\"4\" cols=\"2\" data-name=\"message\" ><\/textarea><\/div><\/div><div class='ff-el-group ff-text-left ff_submit_btn_wrapper'><button type=\"submit\" class=\"ff-btn ff-btn-submit ff-btn-md ff_btn_style\"  aria-label=\"Submit\">Submit<\/button><\/div><\/fieldset><\/form><div id='fluentform_1_errors' class='ff-errors-in-stack ff_form_instance_1_2 ff-form-loading_errors ff_form_instance_1_2_errors'><\/div><\/div>            <script type=\"text\/javascript\">\n                window.fluent_form_ff_form_instance_1_2 = {\"id\":\"1\",\"settings\":{\"layout\":{\"labelPlacement\":\"top\",\"helpMessagePlacement\":\"with_label\",\"errorMessagePlacement\":\"inline\",\"cssClassName\":\"\",\"asteriskPlacement\":\"asterisk-right\"},\"restrictions\":{\"denyEmptySubmission\":{\"enabled\":false}}},\"form_instance\":\"ff_form_instance_1_2\",\"form_id_selector\":\"fluentform_1\",\"rules\":{\"names[first_name]\":{\"required\":{\"value\":false,\"message\":\"This field is required\"}},\"names[middle_name]\":{\"required\":{\"value\":false,\"message\":\"This field is required\"}},\"names[last_name]\":{\"required\":{\"value\":false,\"message\":\"This field is required\"}},\"email\":{\"required\":{\"value\":true,\"message\":\"This field is required\"},\"email\":{\"value\":true,\"message\":\"This field must contain a valid email\"}},\"input_text\":{\"required\":{\"value\":false,\"message\":\"This field is required\"}},\"message\":{\"required\":{\"value\":true,\"message\":\"This field is required\"}}},\"debounce_time\":300};\n                            <\/script>\n            <\/p>\n","protected":false},"author":5,"featured_media":1905,"parent":0,"menu_order":0,"comment_status":"closed","ping_status":"closed","template":"","meta":{"_acf_changed":false,"_et_pb_use_builder":"on","_et_pb_old_content":"","_et_gb_content_width":"","footnotes":""},"class_list":["post-1174","page","type-page","status-publish","has-post-thumbnail","hentry"],"acf":[],"yoast_head":"<!-- This site is optimized with the Yoast SEO plugin v27.2 - https:\/\/yoast.com\/product\/yoast-seo-wordpress\/ -->\n<title>MRKDR Servicios de postproducci\u00f3n de v\u00eddeo | \u00a1Estamos a la escucha!<\/title>\n<meta name=\"description\" content=\"MRKDR es un servicio multiling\u00fce de direcci\u00f3n creativa y postproducci\u00f3n de v\u00eddeo: Espa\u00f1ol, Ingl\u00e9s y Portugu\u00e9s. \u00a1Somos Todo O\u00eddos!\" \/>\n<meta name=\"robots\" content=\"index, follow, max-snippet:-1, max-image-preview:large, max-video-preview:-1\" \/>\n<link rel=\"canonical\" href=\"https:\/\/mrkdr.tv\/es\/contactenos\/\" \/>\n<meta property=\"og:locale\" content=\"es_ES\" \/>\n<meta property=\"og:type\" content=\"article\" \/>\n<meta property=\"og:title\" content=\"MRKDR Servicios de postproducci\u00f3n de v\u00eddeo | \u00a1Estamos a la escucha!\" \/>\n<meta property=\"og:description\" content=\"MRKDR es un servicio multiling\u00fce de direcci\u00f3n creativa y postproducci\u00f3n de v\u00eddeo: Espa\u00f1ol, Ingl\u00e9s y Portugu\u00e9s. \u00a1Somos Todo O\u00eddos!\" \/>\n<meta property=\"og:url\" content=\"https:\/\/mrkdr.tv\/es\/contactenos\/\" \/>\n<meta property=\"og:site_name\" content=\"MRKDR\" \/>\n<meta property=\"article:modified_time\" content=\"2026-03-27T21:04:11+00:00\" \/>\n<meta property=\"og:image\" content=\"https:\/\/mrkdr.tv\/wp-content\/uploads\/2023\/10\/MRKDR-Productions-social-3.png\" \/>\n\t<meta property=\"og:image:width\" content=\"960\" \/>\n\t<meta property=\"og:image:height\" content=\"500\" \/>\n\t<meta property=\"og:image:type\" content=\"image\/png\" \/>\n<meta name=\"twitter:card\" content=\"summary_large_image\" \/>\n<meta name=\"twitter:label1\" content=\"Tiempo de lectura\" \/>\n\t<meta name=\"twitter:data1\" content=\"4 minutos\" \/>\n<script type=\"application\/ld+json\" class=\"yoast-schema-graph\">{\"@context\":\"https:\/\/schema.org\",\"@graph\":[{\"@type\":\"WebPage\",\"@id\":\"https:\/\/mrkdr.tv\/es\/contactenos\/\",\"url\":\"https:\/\/mrkdr.tv\/es\/contactenos\/\",\"name\":\"MRKDR Servicios de postproducci\u00f3n de v\u00eddeo | \u00a1Estamos a la escucha!\",\"isPartOf\":{\"@id\":\"https:\/\/mrkdr.tv\/es\/#website\"},\"primaryImageOfPage\":{\"@id\":\"https:\/\/mrkdr.tv\/es\/contactenos\/#primaryimage\"},\"image\":{\"@id\":\"https:\/\/mrkdr.tv\/es\/contactenos\/#primaryimage\"},\"thumbnailUrl\":\"https:\/\/mrkdr.tv\/wp-content\/uploads\/2023\/10\/MRKDR-Productions-social-3.png\",\"datePublished\":\"2023-10-18T04:49:44+00:00\",\"dateModified\":\"2026-03-27T21:04:11+00:00\",\"description\":\"MRKDR es un servicio multiling\u00fce de direcci\u00f3n creativa y postproducci\u00f3n de v\u00eddeo: Espa\u00f1ol, Ingl\u00e9s y Portugu\u00e9s. \u00a1Somos Todo O\u00eddos!\",\"breadcrumb\":{\"@id\":\"https:\/\/mrkdr.tv\/es\/contactenos\/#breadcrumb\"},\"inLanguage\":\"es\",\"potentialAction\":[{\"@type\":\"ReadAction\",\"target\":[\"https:\/\/mrkdr.tv\/es\/contactenos\/\"]}]},{\"@type\":\"ImageObject\",\"inLanguage\":\"es\",\"@id\":\"https:\/\/mrkdr.tv\/es\/contactenos\/#primaryimage\",\"url\":\"https:\/\/mrkdr.tv\/wp-content\/uploads\/2023\/10\/MRKDR-Productions-social-3.png\",\"contentUrl\":\"https:\/\/mrkdr.tv\/wp-content\/uploads\/2023\/10\/MRKDR-Productions-social-3.png\",\"width\":960,\"height\":500,\"caption\":\"MRKDR Productions social\"},{\"@type\":\"BreadcrumbList\",\"@id\":\"https:\/\/mrkdr.tv\/es\/contactenos\/#breadcrumb\",\"itemListElement\":[{\"@type\":\"ListItem\",\"position\":1,\"name\":\"Home\",\"item\":\"https:\/\/mrkdr.tv\/es\/home\/\"},{\"@type\":\"ListItem\",\"position\":2,\"name\":\"Cont\u00e1ctenos\"}]},{\"@type\":\"WebSite\",\"@id\":\"https:\/\/mrkdr.tv\/es\/#website\",\"url\":\"https:\/\/mrkdr.tv\/es\/\",\"name\":\"MRKDR Productions\",\"description\":\"Video Production Editing, Graphics &amp; Audio\",\"publisher\":{\"@id\":\"https:\/\/mrkdr.tv\/es\/#organization\"},\"potentialAction\":[{\"@type\":\"SearchAction\",\"target\":{\"@type\":\"EntryPoint\",\"urlTemplate\":\"https:\/\/mrkdr.tv\/es\/?s={search_term_string}\"},\"query-input\":{\"@type\":\"PropertyValueSpecification\",\"valueRequired\":true,\"valueName\":\"search_term_string\"}}],\"inLanguage\":\"es\"},{\"@type\":\"Organization\",\"@id\":\"https:\/\/mrkdr.tv\/es\/#organization\",\"name\":\"MRKDR Productions\",\"url\":\"https:\/\/mrkdr.tv\/es\/\",\"logo\":{\"@type\":\"ImageObject\",\"inLanguage\":\"es\",\"@id\":\"https:\/\/mrkdr.tv\/es\/#\/schema\/logo\/image\/\",\"url\":\"https:\/\/mrkdr.tv\/wp-content\/uploads\/2023\/09\/MRKDR-productions-logo-Temp.png\",\"contentUrl\":\"https:\/\/mrkdr.tv\/wp-content\/uploads\/2023\/09\/MRKDR-productions-logo-Temp.png\",\"width\":685,\"height\":198,\"caption\":\"MRKDR Productions\"},\"image\":{\"@id\":\"https:\/\/mrkdr.tv\/es\/#\/schema\/logo\/image\/\"},\"sameAs\":[\"https:\/\/www.linkedin.com\/in\/sebastianmercader\",\"https:\/\/vimeo.com\/mrkdr\"]}]}<\/script>\n<!-- \/ Yoast SEO plugin. -->","yoast_head_json":{"title":"MRKDR Servicios de postproducci\u00f3n de v\u00eddeo | \u00a1Estamos a la escucha!","description":"MRKDR es un servicio multiling\u00fce de direcci\u00f3n creativa y postproducci\u00f3n de v\u00eddeo: Espa\u00f1ol, Ingl\u00e9s y Portugu\u00e9s. \u00a1Somos Todo O\u00eddos!","robots":{"index":"index","follow":"follow","max-snippet":"max-snippet:-1","max-image-preview":"max-image-preview:large","max-video-preview":"max-video-preview:-1"},"canonical":"https:\/\/mrkdr.tv\/es\/contactenos\/","og_locale":"es_ES","og_type":"article","og_title":"MRKDR Servicios de postproducci\u00f3n de v\u00eddeo | \u00a1Estamos a la escucha!","og_description":"MRKDR es un servicio multiling\u00fce de direcci\u00f3n creativa y postproducci\u00f3n de v\u00eddeo: Espa\u00f1ol, Ingl\u00e9s y Portugu\u00e9s. \u00a1Somos Todo O\u00eddos!","og_url":"https:\/\/mrkdr.tv\/es\/contactenos\/","og_site_name":"MRKDR","article_modified_time":"2026-03-27T21:04:11+00:00","og_image":[{"width":960,"height":500,"url":"https:\/\/mrkdr.tv\/wp-content\/uploads\/2023\/10\/MRKDR-Productions-social-3.png","type":"image\/png"}],"twitter_card":"summary_large_image","twitter_misc":{"Tiempo de lectura":"4 minutos"},"schema":{"@context":"https:\/\/schema.org","@graph":[{"@type":"WebPage","@id":"https:\/\/mrkdr.tv\/es\/contactenos\/","url":"https:\/\/mrkdr.tv\/es\/contactenos\/","name":"MRKDR Servicios de postproducci\u00f3n de v\u00eddeo | \u00a1Estamos a la escucha!","isPartOf":{"@id":"https:\/\/mrkdr.tv\/es\/#website"},"primaryImageOfPage":{"@id":"https:\/\/mrkdr.tv\/es\/contactenos\/#primaryimage"},"image":{"@id":"https:\/\/mrkdr.tv\/es\/contactenos\/#primaryimage"},"thumbnailUrl":"https:\/\/mrkdr.tv\/wp-content\/uploads\/2023\/10\/MRKDR-Productions-social-3.png","datePublished":"2023-10-18T04:49:44+00:00","dateModified":"2026-03-27T21:04:11+00:00","description":"MRKDR es un servicio multiling\u00fce de direcci\u00f3n creativa y postproducci\u00f3n de v\u00eddeo: Espa\u00f1ol, Ingl\u00e9s y Portugu\u00e9s. \u00a1Somos Todo O\u00eddos!","breadcrumb":{"@id":"https:\/\/mrkdr.tv\/es\/contactenos\/#breadcrumb"},"inLanguage":"es","potentialAction":[{"@type":"ReadAction","target":["https:\/\/mrkdr.tv\/es\/contactenos\/"]}]},{"@type":"ImageObject","inLanguage":"es","@id":"https:\/\/mrkdr.tv\/es\/contactenos\/#primaryimage","url":"https:\/\/mrkdr.tv\/wp-content\/uploads\/2023\/10\/MRKDR-Productions-social-3.png","contentUrl":"https:\/\/mrkdr.tv\/wp-content\/uploads\/2023\/10\/MRKDR-Productions-social-3.png","width":960,"height":500,"caption":"MRKDR Productions social"},{"@type":"BreadcrumbList","@id":"https:\/\/mrkdr.tv\/es\/contactenos\/#breadcrumb","itemListElement":[{"@type":"ListItem","position":1,"name":"Home","item":"https:\/\/mrkdr.tv\/es\/home\/"},{"@type":"ListItem","position":2,"name":"Cont\u00e1ctenos"}]},{"@type":"WebSite","@id":"https:\/\/mrkdr.tv\/es\/#website","url":"https:\/\/mrkdr.tv\/es\/","name":"MRKDR Productions","description":"Video Production Editing, Graphics &amp; Audio","publisher":{"@id":"https:\/\/mrkdr.tv\/es\/#organization"},"potentialAction":[{"@type":"SearchAction","target":{"@type":"EntryPoint","urlTemplate":"https:\/\/mrkdr.tv\/es\/?s={search_term_string}"},"query-input":{"@type":"PropertyValueSpecification","valueRequired":true,"valueName":"search_term_string"}}],"inLanguage":"es"},{"@type":"Organization","@id":"https:\/\/mrkdr.tv\/es\/#organization","name":"MRKDR Productions","url":"https:\/\/mrkdr.tv\/es\/","logo":{"@type":"ImageObject","inLanguage":"es","@id":"https:\/\/mrkdr.tv\/es\/#\/schema\/logo\/image\/","url":"https:\/\/mrkdr.tv\/wp-content\/uploads\/2023\/09\/MRKDR-productions-logo-Temp.png","contentUrl":"https:\/\/mrkdr.tv\/wp-content\/uploads\/2023\/09\/MRKDR-productions-logo-Temp.png","width":685,"height":198,"caption":"MRKDR Productions"},"image":{"@id":"https:\/\/mrkdr.tv\/es\/#\/schema\/logo\/image\/"},"sameAs":["https:\/\/www.linkedin.com\/in\/sebastianmercader","https:\/\/vimeo.com\/mrkdr"]}]}},"_links":{"self":[{"href":"https:\/\/mrkdr.tv\/es\/wp-json\/wp\/v2\/pages\/1174","targetHints":{"allow":["GET"]}}],"collection":[{"href":"https:\/\/mrkdr.tv\/es\/wp-json\/wp\/v2\/pages"}],"about":[{"href":"https:\/\/mrkdr.tv\/es\/wp-json\/wp\/v2\/types\/page"}],"author":[{"embeddable":true,"href":"https:\/\/mrkdr.tv\/es\/wp-json\/wp\/v2\/users\/5"}],"replies":[{"embeddable":true,"href":"https:\/\/mrkdr.tv\/es\/wp-json\/wp\/v2\/comments?post=1174"}],"version-history":[{"count":10,"href":"https:\/\/mrkdr.tv\/es\/wp-json\/wp\/v2\/pages\/1174\/revisions"}],"predecessor-version":[{"id":7499,"href":"https:\/\/mrkdr.tv\/es\/wp-json\/wp\/v2\/pages\/1174\/revisions\/7499"}],"wp:featuredmedia":[{"embeddable":true,"href":"https:\/\/mrkdr.tv\/es\/wp-json\/wp\/v2\/media\/1905"}],"wp:attachment":[{"href":"https:\/\/mrkdr.tv\/es\/wp-json\/wp\/v2\/media?parent=1174"}],"curies":[{"name":"wp","href":"https:\/\/api.w.org\/{rel}","templated":true}]}}